{"id":859,"date":"2021-05-19T07:20:55","date_gmt":"2021-05-19T07:20:55","guid":{"rendered":"http:\/\/ubezpieczeniacieslar.pl\/?page_id=859"},"modified":"2023-07-10T12:09:33","modified_gmt":"2023-07-10T10:09:33","slug":"ubezpieczenie-firmy","status":"publish","type":"page","link":"http:\/\/ubezpieczeniacieslar.pl\/?page_id=859","title":{"rendered":"Ubezpieczenie firmy"},"content":{"rendered":"\n<p>    Wykupienie polisy ubezpieczenia OC firmy to kluczowy krok w zabezpieczeniu si\u0119 przed nieprzewidywalnymi sytuacjami i ochronie interes\u00f3w biznesowych. Polisa OC (Odpowiedzialno\u015bci Cywilnej) jest niezwykle wa\u017cna dla firm w r\u00f3\u017cnych bran\u017cach, poniewa\u017c niesie za sob\u0105 wiele korzy\u015bci.<\/p>\n\n\n\n<p>Jedn\u0105 z najwa\u017cniejszych korzy\u015bci jest ochrona finansowa. Polisa OC firmy chroni przed nieoczekiwanymi kosztami zwi\u0105zanymi z roszczeniami os\u00f3b trzecich. Niezale\u017cnie od tego, czy chodzi o szkody w mieniu czy uszkodzenia cia\u0142a, ubezpieczyciel pokrywa koszty odszkodowania, co pomaga chroni\u0107 firm\u0119 przed potencjalnie powa\u017cnymi konsekwencjami finansowymi.<\/p>\n\n\n\n<p>Kolejna korzy\u015b\u0107 to pokrycie odpowiedzialno\u015bci cywilnej. Polisa OC firmy zapewnia ochron\u0119 przed roszczeniami os\u00f3b trzecich zwi\u0105zanych z dzia\u0142aniami firmy, kt\u00f3re mog\u0105 spowodowa\u0107 szkody lub straty. Odpowiedzialno\u015b\u0107 cywilna jest szczeg\u00f3lnie istotna dla firm, poniewa\u017c mo\u017ce zapobiec kosztownym procesom s\u0105dowym i odszkodowaniom, kt\u00f3re mog\u0105 si\u0119gn\u0105\u0107 znacznych kwot.<\/p>\n\n\n\n<p>Posiadanie polisy OC firmy przyczynia si\u0119 r\u00f3wnie\u017c do budowania wiarygodno\u015bci i zaufania. Klienci oraz partnerzy biznesowi maj\u0105 wi\u0119ksze zaufanie do firm, kt\u00f3re odpowiedzialnie dbaj\u0105 o ochron\u0119 swoich interes\u00f3w. Posiadanie polisy ubezpieczeniowej daje sygna\u0142, \u017ce firma jest gotowa ponie\u015b\u0107 odpowiedzialno\u015b\u0107 za swoje dzia\u0142ania i chroni\u0107 interesy swoich klient\u00f3w.<\/p>\n\n\n\n<p><\/p>\n\n\n\n<p><\/p>\n","protected":false},"excerpt":{"rendered":"<p>Wykupienie polisy ubezpieczenia OC firmy to kluczowy krok w zabezpieczeniu si\u0119 przed nieprzewidywalnymi sytuacjami i ochronie interes\u00f3w biznesowych. Polisa OC (Odpowiedzialno\u015bci Cywilnej) jest niezwykle wa\u017cna dla firm w r\u00f3\u017cnych bran\u017cach, poniewa\u017c niesie za sob\u0105 wiele korzy\u015bci. Jedn\u0105 z najwa\u017cniejszych korzy\u015bci jest ochrona finansowa. Polisa OC firmy chroni przed nieoczekiwanymi kosztami zwi\u0105zanymi z roszczeniami os\u00f3b trzecich. &hellip;<\/p>\n<p class=\"read-more\"> <a class=\"\" href=\"http:\/\/ubezpieczeniacieslar.pl\/?page_id=859\"> <span class=\"screen-reader-text\">Ubezpieczenie firmy<\/span> Read More &raquo;<\/a><\/p>\n","protected":false},"author":1,"featured_media":0,"parent":0,"menu_order":0,"comment_status":"closed","ping_status":"closed","template":"","meta":{"site-sidebar-layout":"default","site-content-layout":"default","ast-global-header-display":"","ast-banner-title-visibility":"","ast-main-header-display":"","ast-hfb-above-header-display":"","ast-hfb-below-header-display":"","ast-hfb-mobile-header-display":"","site-post-title":"","ast-breadcrumbs-content":"","ast-featured-img":"","footer-sml-layout":"","theme-transparent-header-meta":"default","adv-header-id-meta":"","stick-header-meta":"","header-above-stick-meta":"","header-main-stick-meta":"","header-below-stick-meta":""},"_links":{"self":[{"href":"http:\/\/ubezpieczeniacieslar.pl\/index.php?rest_route=\/wp\/v2\/pages\/859"}],"collection":[{"href":"http:\/\/ubezpieczeniacieslar.pl\/index.php?rest_route=\/wp\/v2\/pages"}],"about":[{"href":"http:\/\/ubezpieczeniacieslar.pl\/index.php?rest_route=\/wp\/v2\/types\/page"}],"author":[{"embeddable":true,"href":"http:\/\/ubezpieczeniacieslar.pl\/index.php?rest_route=\/wp\/v2\/users\/1"}],"replies":[{"embeddable":true,"href":"http:\/\/ubezpieczeniacieslar.pl\/index.php?rest_route=%2Fwp%2Fv2%2Fcomments&post=859"}],"version-history":[{"count":3,"href":"http:\/\/ubezpieczeniacieslar.pl\/index.php?rest_route=\/wp\/v2\/pages\/859\/revisions"}],"predecessor-version":[{"id":1130,"href":"http:\/\/ubezpieczeniacieslar.pl\/index.php?rest_route=\/wp\/v2\/pages\/859\/revisions\/1130"}],"wp:attachment":[{"href":"http:\/\/ubezpieczeniacieslar.pl\/index.php?rest_route=%2Fwp%2Fv2%2Fmedia&parent=859"}],"curies":[{"name":"wp","href":"https:\/\/api.w.org\/{rel}","templated":true}]}}