{"id":857,"date":"2021-05-19T07:20:55","date_gmt":"2021-05-19T07:20:55","guid":{"rendered":"http:\/\/ubezpieczeniacieslar.pl\/?page_id=857"},"modified":"2023-05-31T20:05:21","modified_gmt":"2023-05-31T18:05:21","slug":"ubezpieczenie-mieszkania-i-domu","status":"publish","type":"page","link":"http:\/\/ubezpieczeniacieslar.pl\/?page_id=857","title":{"rendered":"Ubezpieczenie mieszkania i domu"},"content":{"rendered":"\n<p>   Czy wykupienie polisy ubezpieczenia domu\/mieszkania jest naprawd\u0119 konieczne? <br>To pytanie cz\u0119sto zadawane przez w\u0142a\u015bcicieli nieruchomo\u015bci. Odpowied\u017a jest prosta: tak, wykupienie polisy ubezpieczenia domu\/mieszkania niesie ze sob\u0105 wiele korzy\u015bci, kt\u00f3re warto wzi\u0105\u0107 pod uwag\u0119.<\/p>\n\n\n\n<p>Jedn\u0105 z najwa\u017cniejszych korzy\u015bci jest ochrona finansowa. Polisa ubezpieczeniowa domu\/mieszkania chroni przed nieoczekiwanymi kosztami zwi\u0105zanymi z szkodami, takimi jak po\u017cary, zalania, kradzie\u017ce czy zniszczenia spowodowane przez si\u0142y natury. W przypadku wyst\u0105pienia takiego zdarzenia, ubezpieczyciel pokrywa koszty naprawy lub odbudowy nieruchomo\u015bci oraz zast\u0119pczego zakwaterowania, co pomaga chroni\u0107 w\u0142a\u015bciciela przed powa\u017cnymi konsekwencjami finansowymi.<\/p>\n\n\n\n<p>Kolejn\u0105 korzy\u015bci\u0105 jest ochrona mienia. Polisa ubezpieczeniowa domu\/mieszkania obejmuje nie tylko sam\u0105 nieruchomo\u015b\u0107, ale r\u00f3wnie\u017c jej wyposa\u017cenie, takie jak meble, sprz\u0119t AGD czy elektronika. W przypadku kradzie\u017cy, zniszczenia lub uszkodzenia mienia, ubezpieczyciel wyp\u0142aca odszkodowanie, umo\u017cliwiaj\u0105c w\u0142a\u015bcicielowi odtworzenie utraconych lub uszkodzonych przedmiot\u00f3w.<\/p>\n\n\n\n<p>Dodatkowo, polisa ubezpieczeniowa domu\/mieszkania mo\u017ce zapewni\u0107 ochron\u0119 prawn\u0105. W przypadku spor\u00f3w zwi\u0105zanych z nieruchomo\u015bci\u0105, np. z s\u0105siadami, s\u0105dowymi lub zwi\u0105zanych z ubezpieczeniem, ubezpieczyciel mo\u017ce udzieli\u0107 wsparcia prawnego i pokry\u0107 koszty zwi\u0105zane z prowadzeniem sprawy.<\/p>\n\n\n\n<p>Inn\u0105 istotn\u0105 korzy\u015bci\u0105 jest pokrycie koszt\u00f3w odpowiedzialno\u015bci cywilnej. Polisa ubezpieczeniowa domu\/mieszkania chroni w\u0142a\u015bciciela przed roszczeniami os\u00f3b trzecich, kt\u00f3re mog\u0105 wynika\u0107 z szk\u00f3d wyrz\u0105dzonych przez nieruchomo\u015b\u0107. Na przyk\u0142ad, je\u015bli nieostro\u017cnie zniszczymy mienie s\u0105siada podczas remontu, ubezpieczyciel pokryje koszty odszkodowania, co pozwoli unikn\u0105\u0107 finansowych konsekwencji takiego zdarzenia.<\/p>\n\n\n\n<p>Ostatni\u0105, ale nie mniej wa\u017cn\u0105 korzy\u015bci\u0105, jest spok\u00f3j umys\u0142u. Wykupienie polisy ubezpieczeniowej domu\/mieszkania daje poczucie bezpiecze\u0144stwa i spokoju,<\/p>\n","protected":false},"excerpt":{"rendered":"<p>Czy wykupienie polisy ubezpieczenia domu\/mieszkania jest naprawd\u0119 konieczne? To pytanie cz\u0119sto zadawane przez w\u0142a\u015bcicieli nieruchomo\u015bci. Odpowied\u017a jest prosta: tak, wykupienie polisy ubezpieczenia domu\/mieszkania niesie ze sob\u0105 wiele korzy\u015bci, kt\u00f3re warto wzi\u0105\u0107 pod uwag\u0119. Jedn\u0105 z najwa\u017cniejszych korzy\u015bci jest ochrona finansowa. Polisa ubezpieczeniowa domu\/mieszkania chroni przed nieoczekiwanymi kosztami zwi\u0105zanymi z szkodami, takimi jak po\u017cary, zalania, kradzie\u017ce &hellip;<\/p>\n<p class=\"read-more\"> <a class=\"\" href=\"http:\/\/ubezpieczeniacieslar.pl\/?page_id=857\"> <span class=\"screen-reader-text\">Ubezpieczenie mieszkania i domu<\/span> Read More &raquo;<\/a><\/p>\n","protected":false},"author":1,"featured_media":0,"parent":0,"menu_order":0,"comment_status":"closed","ping_status":"closed","template":"","meta":{"site-sidebar-layout":"default","site-content-layout":"default","ast-global-header-display":"","ast-banner-title-visibility":"","ast-main-header-display":"","ast-hfb-above-header-display":"","ast-hfb-below-header-display":"","ast-hfb-mobile-header-display":"","site-post-title":"","ast-breadcrumbs-content":"","ast-featured-img":"","footer-sml-layout":"","theme-transparent-header-meta":"default","adv-header-id-meta":"","stick-header-meta":"","header-above-stick-meta":"","header-main-stick-meta":"","header-below-stick-meta":""},"_links":{"self":[{"href":"http:\/\/ubezpieczeniacieslar.pl\/index.php?rest_route=\/wp\/v2\/pages\/857"}],"collection":[{"href":"http:\/\/ubezpieczeniacieslar.pl\/index.php?rest_route=\/wp\/v2\/pages"}],"about":[{"href":"http:\/\/ubezpieczeniacieslar.pl\/index.php?rest_route=\/wp\/v2\/types\/page"}],"author":[{"embeddable":true,"href":"http:\/\/ubezpieczeniacieslar.pl\/index.php?rest_route=\/wp\/v2\/users\/1"}],"replies":[{"embeddable":true,"href":"http:\/\/ubezpieczeniacieslar.pl\/index.php?rest_route=%2Fwp%2Fv2%2Fcomments&post=857"}],"version-history":[{"count":2,"href":"http:\/\/ubezpieczeniacieslar.pl\/index.php?rest_route=\/wp\/v2\/pages\/857\/revisions"}],"predecessor-version":[{"id":1116,"href":"http:\/\/ubezpieczeniacieslar.pl\/index.php?rest_route=\/wp\/v2\/pages\/857\/revisions\/1116"}],"wp:attachment":[{"href":"http:\/\/ubezpieczeniacieslar.pl\/index.php?rest_route=%2Fwp%2Fv2%2Fmedia&parent=857"}],"curies":[{"name":"wp","href":"https:\/\/api.w.org\/{rel}","templated":true}]}}