{"id":855,"date":"2021-05-19T07:20:55","date_gmt":"2021-05-19T07:20:55","guid":{"rendered":"http:\/\/ubezpieczeniacieslar.pl\/?page_id=855"},"modified":"2023-05-31T20:09:38","modified_gmt":"2023-05-31T18:09:38","slug":"ubezpieczenie-na-zycie","status":"publish","type":"page","link":"http:\/\/ubezpieczeniacieslar.pl\/?page_id=855","title":{"rendered":"Ubezpieczenie na \u017cycie"},"content":{"rendered":"\n<p>Polisa ubezpieczenia na \u017cycie to umowa, w kt\u00f3rej ubezpieczyciel zobowi\u0105zuje si\u0119 do wyp\u0142acenia okre\u015blonej sumy pieni\u0119dzy w przypadku \u015bmierci ubezpieczonej osoby lub spe\u0142nienia innych warunk\u00f3w umownych. <br>Wydaje si\u0119 to by\u0107 nieprzyjemnym tematem, ale warto zrozumie\u0107, jakie korzy\u015bci mo\u017ce przynie\u015b\u0107 posiadanie polisy ubezpieczeniowej na \u017cycie.<\/p>\n\n\n\n<p>Jedn\u0105 z najwa\u017cniejszych korzy\u015bci jest ochrona finansowa dla Twoich bliskich. Polisa ubezpieczenia na \u017cycie jest form\u0105 zabezpieczenia dla Twoich najbli\u017cszych w przypadku Twojej nieobecno\u015bci. W razie \u015bmierci ubezpieczonej osoby, ubezpieczyciel wyp\u0142aca odszkodowanie, kt\u00f3re mo\u017ce by\u0107 u\u017cyte przez bliskich w celu pokrycia koszt\u00f3w utrzymania, sp\u0142aty hipoteki, edukacji dzieci czy planowania przysz\u0142o\u015bci.<\/p>\n\n\n\n<p>Kolejn\u0105 korzy\u015bci\u0105 jest tworzenie warto\u015bci oszcz\u0119dno\u015bciowej. Niekt\u00f3re polisy ubezpieczenia na \u017cycie oferuj\u0105 r\u00f3wnie\u017c opcj\u0119 gromadzenia oszcz\u0119dno\u015bci. Cz\u0119\u015b\u0107 Twoich sk\u0142adek jest inwestowana, co pozwala na narastanie warto\u015bci polisy wraz z up\u0142ywem czasu. Mo\u017cesz wykorzysta\u0107 te \u015brodki na cele takie jak finansowanie studi\u00f3w dzieci, zakup domu czy planowanie emerytury.<\/p>\n\n\n\n<p>Polisa ubezpieczenia na \u017cycie mo\u017ce r\u00f3wnie\u017c stanowi\u0107 zabezpieczenie kredytowe. Je\u015bli posiadasz kredyt hipoteczny lub inne zobowi\u0105zania finansowe, polisa ubezpieczenia na \u017cycie mo\u017ce by\u0107 u\u017cyta do sp\u0142aty tych zobowi\u0105za\u0144 w przypadku Twojej \u015bmierci. Zapewnia to ochron\u0119 dla Twojej rodziny, chroni\u0105c j\u0105 przed obci\u0105\u017ceniami finansowymi w tak trudnym okresie.<\/p>\n\n\n\n<p><\/p>\n","protected":false},"excerpt":{"rendered":"<p>Polisa ubezpieczenia na \u017cycie to umowa, w kt\u00f3rej ubezpieczyciel zobowi\u0105zuje si\u0119 do wyp\u0142acenia okre\u015blonej sumy pieni\u0119dzy w przypadku \u015bmierci ubezpieczonej osoby lub spe\u0142nienia innych warunk\u00f3w umownych. Wydaje si\u0119 to by\u0107 nieprzyjemnym tematem, ale warto zrozumie\u0107, jakie korzy\u015bci mo\u017ce przynie\u015b\u0107 posiadanie polisy ubezpieczeniowej na \u017cycie. Jedn\u0105 z najwa\u017cniejszych korzy\u015bci jest ochrona finansowa dla Twoich bliskich. Polisa &hellip;<\/p>\n<p class=\"read-more\"> <a class=\"\" href=\"http:\/\/ubezpieczeniacieslar.pl\/?page_id=855\"> <span class=\"screen-reader-text\">Ubezpieczenie na \u017cycie<\/span> Read More &raquo;<\/a><\/p>\n","protected":false},"author":1,"featured_media":0,"parent":0,"menu_order":0,"comment_status":"closed","ping_status":"closed","template":"","meta":{"site-sidebar-layout":"default","site-content-layout":"default","ast-global-header-display":"","ast-banner-title-visibility":"","ast-main-header-display":"","ast-hfb-above-header-display":"","ast-hfb-below-header-display":"","ast-hfb-mobile-header-display":"","site-post-title":"","ast-breadcrumbs-content":"","ast-featured-img":"","footer-sml-layout":"","theme-transparent-header-meta":"default","adv-header-id-meta":"","stick-header-meta":"","header-above-stick-meta":"","header-main-stick-meta":"","header-below-stick-meta":""},"_links":{"self":[{"href":"http:\/\/ubezpieczeniacieslar.pl\/index.php?rest_route=\/wp\/v2\/pages\/855"}],"collection":[{"href":"http:\/\/ubezpieczeniacieslar.pl\/index.php?rest_route=\/wp\/v2\/pages"}],"about":[{"href":"http:\/\/ubezpieczeniacieslar.pl\/index.php?rest_route=\/wp\/v2\/types\/page"}],"author":[{"embeddable":true,"href":"http:\/\/ubezpieczeniacieslar.pl\/index.php?rest_route=\/wp\/v2\/users\/1"}],"replies":[{"embeddable":true,"href":"http:\/\/ubezpieczeniacieslar.pl\/index.php?rest_route=%2Fwp%2Fv2%2Fcomments&post=855"}],"version-history":[{"count":2,"href":"http:\/\/ubezpieczeniacieslar.pl\/index.php?rest_route=\/wp\/v2\/pages\/855\/revisions"}],"predecessor-version":[{"id":1118,"href":"http:\/\/ubezpieczeniacieslar.pl\/index.php?rest_route=\/wp\/v2\/pages\/855\/revisions\/1118"}],"wp:attachment":[{"href":"http:\/\/ubezpieczeniacieslar.pl\/index.php?rest_route=%2Fwp%2Fv2%2Fmedia&parent=855"}],"curies":[{"name":"wp","href":"https:\/\/api.w.org\/{rel}","templated":true}]}}