{"id":1066,"date":"2021-06-06T13:26:27","date_gmt":"2021-06-06T11:26:27","guid":{"rendered":"http:\/\/ubezpieczeniacieslar.pl\/?page_id=1066"},"modified":"2023-05-31T20:18:46","modified_gmt":"2023-05-31T18:18:46","slug":"szkola","status":"publish","type":"page","link":"http:\/\/ubezpieczeniacieslar.pl\/?page_id=1066","title":{"rendered":"szko\u0142a"},"content":{"rendered":"\n<p>Czym jest polisa ubezpieczeniowa NNW dla ucznia i jakie korzy\u015bci niesie za sob\u0105 wykupienie tego rodzaju ubezpieczenia na podstawie produktu Bezpieczy.pl? Bezpiecze\u0144stwo naszych dzieci podczas nauki jest niezwykle istotne, dlatego warto zastanowi\u0107 si\u0119, jak mo\u017cemy im zapewni\u0107 odpowiedni\u0105 ochron\u0119 w przypadku nieszcz\u0119\u015bliwych zdarze\u0144.<\/p>\n\n\n\n<p>Polisa ubezpieczeniowa NNW (Nast\u0119pstwa Nieszcz\u0119\u015bliwych Wypadk\u00f3w) dla ucznia to umowa, w kt\u00f3rej ubezpieczyciel zobowi\u0105zuje si\u0119 do wyp\u0142aty odszkodowania w przypadku nieszcz\u0119\u015bliwego wypadku, trwa\u0142ego uszczerbku na zdrowiu lub \u015bmierci ucznia. Produkt Bezpieczy.pl, oferowany przez nasz\u0105 firm\u0119, dostarcza wiele korzy\u015bci, kt\u00f3re pomagaj\u0105 zapewni\u0107 ochron\u0119 naszym m\u0142odym ucz\u0105cym si\u0119.<\/p>\n\n\n\n<p>Przede wszystkim, polisa Bezpieczy.pl zapewnia szeroki zakres ochrony. Obejmuje ona ucznia podczas pobytu w szkole, na zaj\u0119ciach wychowania fizycznego, w czasie wycieczek szkolnych, podr\u00f3\u017cy edukacyjnych czy innych aktywno\u015bci zwi\u0105zanych z nauk\u0105. Dzi\u0119ki temu, niezale\u017cnie od miejsca i okoliczno\u015bci, w kt\u00f3rych mo\u017ce zdarzy\u0107 si\u0119 wypadek, ucze\u0144 jest obj\u0119ty kompleksow\u0105 ochron\u0105.<\/p>\n\n\n\n<p>Kolejn\u0105 korzy\u015bci\u0105 jest wsparcie finansowe w przypadku nieszcz\u0119\u015bliwego zdarzenia. Polisa Bezpieczy.pl oferuje wyp\u0142at\u0119 odszkodowania w przypadku hospitalizacji lub trwa\u0142ego uszczerbku na zdrowiu ucznia. To pozwala na pokrycie koszt\u00f3w leczenia, rehabilitacji, zakupu sprz\u0119tu medycznego czy adaptacji domu do nowych potrzeb. Rodzice mog\u0105 mie\u0107 pewno\u015b\u0107, \u017ce w przypadku wypadku ich dziecko otrzyma niezb\u0119dne wsparcie finansowe.<\/p>\n\n\n\n<p>Wa\u017cnym elementem jest r\u00f3wnie\u017c ubezpieczenie od nast\u0119pstw chor\u00f3b zaka\u017anych. Produkt Bezpieczy.pl mo\u017ce obejmowa\u0107 tak\u0105 opcj\u0119, co w obecnych czasach jest szczeg\u00f3lnie istotne. W przypadku diagnozy powa\u017cnej choroby, takiej jak COVID-19, polisa NNW dla ucznia zapewnia dodatkowe \u015brodki finansowe na leczenie i rehabilitacj\u0119.<\/p>\n\n\n\n<p>Dodatkowo, polisa Bezpieczy.pl oferuje us\u0142ug\u0119 Assistance, kt\u00f3ra dostarcza wsparcia w razie potrzeby. Dzi\u0119ki niej rodzice i uczniowie mog\u0105 skorzysta\u0107 z profesjonalnej pomocy medycznej, informacji o plac\u00f3wkach medycznych czy organizacji transportu medycznego.<\/p>\n","protected":false},"excerpt":{"rendered":"<p>Czym jest polisa ubezpieczeniowa NNW dla ucznia i jakie korzy\u015bci niesie za sob\u0105 wykupienie tego rodzaju ubezpieczenia na podstawie produktu Bezpieczy.pl? Bezpiecze\u0144stwo naszych dzieci podczas nauki jest niezwykle istotne, dlatego warto zastanowi\u0107 si\u0119, jak mo\u017cemy im zapewni\u0107 odpowiedni\u0105 ochron\u0119 w przypadku nieszcz\u0119\u015bliwych zdarze\u0144. Polisa ubezpieczeniowa NNW (Nast\u0119pstwa Nieszcz\u0119\u015bliwych Wypadk\u00f3w) dla ucznia to umowa, w kt\u00f3rej &hellip;<\/p>\n<p class=\"read-more\"> <a class=\"\" href=\"http:\/\/ubezpieczeniacieslar.pl\/?page_id=1066\"> <span class=\"screen-reader-text\">szko\u0142a<\/span> Read More &raquo;<\/a><\/p>\n","protected":false},"author":1,"featured_media":0,"parent":0,"menu_order":0,"comment_status":"closed","ping_status":"closed","template":"","meta":{"site-sidebar-layout":"default","site-content-layout":"default","ast-global-header-display":"","ast-banner-title-visibility":"","ast-main-header-display":"","ast-hfb-above-header-display":"","ast-hfb-below-header-display":"","ast-hfb-mobile-header-display":"","site-post-title":"","ast-breadcrumbs-content":"","ast-featured-img":"","footer-sml-layout":"","theme-transparent-header-meta":"default","adv-header-id-meta":"","stick-header-meta":"","header-above-stick-meta":"","header-main-stick-meta":"","header-below-stick-meta":""},"_links":{"self":[{"href":"http:\/\/ubezpieczeniacieslar.pl\/index.php?rest_route=\/wp\/v2\/pages\/1066"}],"collection":[{"href":"http:\/\/ubezpieczeniacieslar.pl\/index.php?rest_route=\/wp\/v2\/pages"}],"about":[{"href":"http:\/\/ubezpieczeniacieslar.pl\/index.php?rest_route=\/wp\/v2\/types\/page"}],"author":[{"embeddable":true,"href":"http:\/\/ubezpieczeniacieslar.pl\/index.php?rest_route=\/wp\/v2\/users\/1"}],"replies":[{"embeddable":true,"href":"http:\/\/ubezpieczeniacieslar.pl\/index.php?rest_route=%2Fwp%2Fv2%2Fcomments&post=1066"}],"version-history":[{"count":2,"href":"http:\/\/ubezpieczeniacieslar.pl\/index.php?rest_route=\/wp\/v2\/pages\/1066\/revisions"}],"predecessor-version":[{"id":1123,"href":"http:\/\/ubezpieczeniacieslar.pl\/index.php?rest_route=\/wp\/v2\/pages\/1066\/revisions\/1123"}],"wp:attachment":[{"href":"http:\/\/ubezpieczeniacieslar.pl\/index.php?rest_route=%2Fwp%2Fv2%2Fmedia&parent=1066"}],"curies":[{"name":"wp","href":"https:\/\/api.w.org\/{rel}","templated":true}]}}