{"id":1059,"date":"2021-06-06T12:01:11","date_gmt":"2021-06-06T10:01:11","guid":{"rendered":"http:\/\/ubezpieczeniacieslar.pl\/?page_id=1059"},"modified":"2023-05-31T20:17:00","modified_gmt":"2023-05-31T18:17:00","slug":"przedszkole-zlobek","status":"publish","type":"page","link":"http:\/\/ubezpieczeniacieslar.pl\/?page_id=1059","title":{"rendered":"przedszkole \/ \u017c\u0142obek"},"content":{"rendered":"\n<p>Czym jest polisa ubezpieczeniowa NNW dla dziecka i jakie korzy\u015bci niesie za sob\u0105 wykupienie tego rodzaju ubezpieczenia na podstawie produktu Bezpieczy.pl? Bezpiecze\u0144stwo naszych dzieci jest niezwykle wa\u017cne, dlatego warto zastanowi\u0107 si\u0119 nad tym, jak mo\u017cemy je chroni\u0107 w przypadku nieszcz\u0119\u015bliwych wypadk\u00f3w.<\/p>\n\n\n\n<p>Polisa ubezpieczeniowa NNW (Nast\u0119pstwa Nieszcz\u0119\u015bliwych Wypadk\u00f3w) dla dziecka to umowa, w kt\u00f3rej ubezpieczyciel zobowi\u0105zuje si\u0119 do wyp\u0142aty odszkodowania w przypadku nieszcz\u0119\u015bliwego wypadku, trwa\u0142ego uszczerbku na zdrowiu lub \u015bmierci dziecka. Produkt Bezpieczy.pl, oferowany przez nasz\u0105 firm\u0119, dostarcza wiele korzy\u015bci, kt\u00f3re pomagaj\u0105 zapewni\u0107 ochron\u0119 naszym najm\u0142odszym.<\/p>\n\n\n\n<p>Przede wszystkim, polisa Bezpieczy.pl zapewnia kompleksow\u0105 ochron\u0119. Obejmuje ona zar\u00f3wno wypadki w miejscu zamieszkania, jak i podczas pobytu w szkole, na placach zabaw, podczas zaj\u0119\u0107 sportowych, wycieczek czy podr\u00f3\u017cy. Bez wzgl\u0119du na to, gdzie i w jakich okoliczno\u015bciach dziecko doznaje nieszcz\u0119\u015bliwego wypadku, b\u0119dzie obj\u0119te wszechstronn\u0105 ochron\u0105.<\/p>\n\n\n\n<p>Kolejn\u0105 korzy\u015bci\u0105 jest wsparcie finansowe w przypadku nieszcz\u0119\u015bliwego zdarzenia. Polisa Bezpieczy.pl oferuje wyp\u0142at\u0119 odszkodowania w przypadku hospitalizacji lub trwa\u0142ego uszczerbku na zdrowiu dziecka. Dzi\u0119ki temu mo\u017cna pokry\u0107 koszty leczenia, rehabilitacji, zakupu sprz\u0119tu medycznego czy adaptacji domu do nowych potrzeb. Zapewnia to rodzicom poczucie bezpiecze\u0144stwa i pewno\u015b\u0107, \u017ce niezale\u017cnie od skutk\u00f3w wypadku, b\u0119d\u0105 mogli zapewni\u0107 dziecku odpowiedni\u0105 opiek\u0119.<\/p>\n\n\n\n<p>Wa\u017cn\u0105 korzy\u015bci\u0105 jest tak\u017ce ubezpieczenie od nast\u0119pstw chor\u00f3b zaka\u017anych. Produkt Bezpieczy.pl mo\u017ce obejmowa\u0107 tak\u0105 opcj\u0119, co w obecnych czasach jest szczeg\u00f3lnie istotne. W przypadku diagnozy powa\u017cnej choroby, takiej jak COVID-19, polisa NNW dla dziecka zapewnia dodatkowe wsparcie finansowe na leczenie i rehabilitacj\u0119.<\/p>\n\n\n\n<p>Dodatkowo, polisa Bezpieczy.pl oferuje dodatkowe us\u0142ugi Assistance. W razie potrzeby mo\u017cna skorzysta\u0107 z pomocy medycznej, informacji o plac\u00f3wkach medycznych czy organizacji transportu medycznego. To daje rodzicom dodatkowe wsparcie i pewno\u015b\u0107, \u017ce w przypadku wypadku lub choroby dziecka b\u0119d\u0105 mogli liczy\u0107 na pomoc.<\/p>\n","protected":false},"excerpt":{"rendered":"<p>Czym jest polisa ubezpieczeniowa NNW dla dziecka i jakie korzy\u015bci niesie za sob\u0105 wykupienie tego rodzaju ubezpieczenia na podstawie produktu Bezpieczy.pl? Bezpiecze\u0144stwo naszych dzieci jest niezwykle wa\u017cne, dlatego warto zastanowi\u0107 si\u0119 nad tym, jak mo\u017cemy je chroni\u0107 w przypadku nieszcz\u0119\u015bliwych wypadk\u00f3w. Polisa ubezpieczeniowa NNW (Nast\u0119pstwa Nieszcz\u0119\u015bliwych Wypadk\u00f3w) dla dziecka to umowa, w kt\u00f3rej ubezpieczyciel zobowi\u0105zuje &hellip;<\/p>\n<p class=\"read-more\"> <a class=\"\" href=\"http:\/\/ubezpieczeniacieslar.pl\/?page_id=1059\"> <span class=\"screen-reader-text\">przedszkole \/ \u017c\u0142obek<\/span> Read More &raquo;<\/a><\/p>\n","protected":false},"author":1,"featured_media":0,"parent":0,"menu_order":0,"comment_status":"closed","ping_status":"closed","template":"","meta":{"site-sidebar-layout":"default","site-content-layout":"default","ast-global-header-display":"","ast-banner-title-visibility":"","ast-main-header-display":"","ast-hfb-above-header-display":"","ast-hfb-below-header-display":"","ast-hfb-mobile-header-display":"","site-post-title":"","ast-breadcrumbs-content":"","ast-featured-img":"","footer-sml-layout":"","theme-transparent-header-meta":"default","adv-header-id-meta":"","stick-header-meta":"","header-above-stick-meta":"","header-main-stick-meta":"","header-below-stick-meta":""},"_links":{"self":[{"href":"http:\/\/ubezpieczeniacieslar.pl\/index.php?rest_route=\/wp\/v2\/pages\/1059"}],"collection":[{"href":"http:\/\/ubezpieczeniacieslar.pl\/index.php?rest_route=\/wp\/v2\/pages"}],"about":[{"href":"http:\/\/ubezpieczeniacieslar.pl\/index.php?rest_route=\/wp\/v2\/types\/page"}],"author":[{"embeddable":true,"href":"http:\/\/ubezpieczeniacieslar.pl\/index.php?rest_route=\/wp\/v2\/users\/1"}],"replies":[{"embeddable":true,"href":"http:\/\/ubezpieczeniacieslar.pl\/index.php?rest_route=%2Fwp%2Fv2%2Fcomments&post=1059"}],"version-history":[{"count":3,"href":"http:\/\/ubezpieczeniacieslar.pl\/index.php?rest_route=\/wp\/v2\/pages\/1059\/revisions"}],"predecessor-version":[{"id":1122,"href":"http:\/\/ubezpieczeniacieslar.pl\/index.php?rest_route=\/wp\/v2\/pages\/1059\/revisions\/1122"}],"wp:attachment":[{"href":"http:\/\/ubezpieczeniacieslar.pl\/index.php?rest_route=%2Fwp%2Fv2%2Fmedia&parent=1059"}],"curies":[{"name":"wp","href":"https:\/\/api.w.org\/{rel}","templated":true}]}}