{"id":1023,"date":"2021-06-02T10:52:14","date_gmt":"2021-06-02T08:52:14","guid":{"rendered":"http:\/\/ubezpieczeniacieslar.pl\/?page_id=1023"},"modified":"2024-10-08T14:00:20","modified_gmt":"2024-10-08T12:00:20","slug":"ubezpieczenie-szkolne","status":"publish","type":"page","link":"http:\/\/ubezpieczeniacieslar.pl\/?page_id=1023","title":{"rendered":"Ubezpieczenie szkolne"},"content":{"rendered":"\n<div class=\"wp-block-columns is-layout-flex wp-container-3\">\n<div class=\"wp-block-column is-layout-flow\" style=\"flex-basis:100%\">\n<div class=\"wp-block-media-text alignwide has-media-on-the-right is-stacked-on-mobile\"><div class=\"wp-block-media-text__content\">\n<h2 class=\"wp-block-heading has-text-align-right\"><strong>RABAT -10%<\/strong> z kodem: <strong>28054<\/strong><\/h2>\n\n\n\n<h1 class=\"wp-block-heading has-text-align-right\">Bezpieczne wsz\u0119dzie o ka\u017cdej porze<\/h1>\n\n\n\n<p class=\"has-text-align-right\"><em>NNW dziecka od 4 miesi\u0105ca do 7 roku \u017cycia<\/em><\/p>\n\n\n\n<div class=\"wp-block-buttons is-horizontal is-content-justification-right is-layout-flex wp-container-1\">\n<div class=\"wp-block-button\"><a class=\"wp-block-button__link wp-element-button\" href=\"http:\/\/ubezpieczeniacieslar.pl\/?page_id=1059\">Dowiedz si\u0119 wi\u0119cej <\/a><\/div>\n<\/div>\n\n\n\n<div class=\"wp-block-file alignright\"><object class=\"wp-block-file__embed\" data=\"http:\/\/ubezpieczeniacieslar.pl\/wp-content\/uploads\/2023\/07\/Oferta_dziecko_przedszkole_28054.pdf\" type=\"application\/pdf\" style=\"width:100%;height:720px\" aria-label=\"Osadzone z Oferta dziecko przedszkole.\"><\/object><a id=\"wp-block-file--media-95e1ab09-2dd7-4c75-90b9-f01bd611986e\" href=\"http:\/\/ubezpieczeniacieslar.pl\/wp-content\/uploads\/2023\/07\/Oferta_dziecko_przedszkole_28054.pdf\">Oferta dziecko przedszkole<\/a><a href=\"http:\/\/ubezpieczeniacieslar.pl\/wp-content\/uploads\/2023\/07\/Oferta_dziecko_przedszkole_28054.pdf\" class=\"wp-block-file__button wp-element-button\" download aria-describedby=\"wp-block-file--media-95e1ab09-2dd7-4c75-90b9-f01bd611986e\">Pobierz<\/a><\/div>\n<\/div><figure class=\"wp-block-media-text__media\"><img decoding=\"async\" loading=\"lazy\" width=\"1024\" height=\"1024\" src=\"http:\/\/ubezpieczeniacieslar.pl\/wp-content\/uploads\/2021\/06\/fb_nnw_52-1024x1024.jpg\" alt=\"\" class=\"wp-image-1046 size-full\" srcset=\"http:\/\/ubezpieczeniacieslar.pl\/wp-content\/uploads\/2021\/06\/fb_nnw_52-1024x1024.jpg 1024w, http:\/\/ubezpieczeniacieslar.pl\/wp-content\/uploads\/2021\/06\/fb_nnw_52-300x300.jpg 300w, http:\/\/ubezpieczeniacieslar.pl\/wp-content\/uploads\/2021\/06\/fb_nnw_52-150x150.jpg 150w, http:\/\/ubezpieczeniacieslar.pl\/wp-content\/uploads\/2021\/06\/fb_nnw_52-768x768.jpg 768w, http:\/\/ubezpieczeniacieslar.pl\/wp-content\/uploads\/2021\/06\/fb_nnw_52.jpg 1080w\" sizes=\"(max-width: 1024px) 100vw, 1024px\" \/><\/figure><\/div>\n<\/div>\n<\/div>\n\n\n\n<div class=\"wp-block-media-text alignwide has-media-on-the-right is-stacked-on-mobile\"><div class=\"wp-block-media-text__content\">\n<h1 class=\"wp-block-heading has-text-align-right\">Dla starszych, ciekawszych \u015bwiata<\/h1>\n\n\n\n<p class=\"has-text-align-right\"><em>NNW + OC od 7 do 25 roku \u017cycia <\/em><\/p>\n\n\n\n<div class=\"wp-block-buttons is-horizontal is-content-justification-right is-layout-flex wp-container-4\">\n<div class=\"wp-block-button\"><a class=\"wp-block-button__link wp-element-button\" href=\"http:\/\/ubezpieczeniacieslar.pl\/?page_id=1066\">Dowiedz si\u0119 wi\u0119cej<\/a><\/div>\n<\/div>\n\n\n\n<div class=\"wp-block-file alignright\"><object class=\"wp-block-file__embed\" data=\"http:\/\/ubezpieczeniacieslar.pl\/wp-content\/uploads\/2023\/07\/Oferta_dziecko_szkola_28054-1.pdf\" type=\"application\/pdf\" style=\"width:100%;height:600px\" aria-label=\"Osadzone z Oferta dziecko szko\u0142a.\"><\/object><a id=\"wp-block-file--media-5149e0fd-fafa-4374-a241-35eedc250811\" href=\"http:\/\/ubezpieczeniacieslar.pl\/wp-content\/uploads\/2023\/07\/Oferta_dziecko_szkola_28054-1.pdf\">Oferta dziecko szko\u0142a<\/a><a href=\"http:\/\/ubezpieczeniacieslar.pl\/wp-content\/uploads\/2023\/07\/Oferta_dziecko_szkola_28054-1.pdf\" class=\"wp-block-file__button wp-element-button\" download aria-describedby=\"wp-block-file--media-5149e0fd-fafa-4374-a241-35eedc250811\">Pobierz<\/a><\/div>\n<\/div><figure class=\"wp-block-media-text__media\"><img decoding=\"async\" loading=\"lazy\" width=\"1024\" height=\"1024\" src=\"http:\/\/ubezpieczeniacieslar.pl\/wp-content\/uploads\/2021\/06\/fb_nnw_33-1024x1024.jpg\" alt=\"\" class=\"wp-image-1065 size-full\" srcset=\"http:\/\/ubezpieczeniacieslar.pl\/wp-content\/uploads\/2021\/06\/fb_nnw_33-1024x1024.jpg 1024w, http:\/\/ubezpieczeniacieslar.pl\/wp-content\/uploads\/2021\/06\/fb_nnw_33-300x300.jpg 300w, http:\/\/ubezpieczeniacieslar.pl\/wp-content\/uploads\/2021\/06\/fb_nnw_33-150x150.jpg 150w, http:\/\/ubezpieczeniacieslar.pl\/wp-content\/uploads\/2021\/06\/fb_nnw_33-768x768.jpg 768w, http:\/\/ubezpieczeniacieslar.pl\/wp-content\/uploads\/2021\/06\/fb_nnw_33.jpg 1080w\" sizes=\"(max-width: 1024px) 100vw, 1024px\" \/><\/figure><\/div>\n\n\n\n<div class=\"wp-block-media-text alignwide has-media-on-the-right is-stacked-on-mobile\"><div class=\"wp-block-media-text__content\">\n<h1 class=\"wp-block-heading has-text-align-right\">Wkraczaj\u0105c w doros\u0142e \u017cycie<\/h1>\n\n\n\n<p class=\"has-text-align-right\"><em>dla uczni\u00f3w uczelni wy\u017cszych<\/em><\/p>\n\n\n\n<div class=\"wp-block-buttons is-horizontal is-content-justification-right is-layout-flex wp-container-5\">\n<div class=\"wp-block-button\"><a class=\"wp-block-button__link wp-element-button\" href=\"http:\/\/ubezpieczeniacieslar.pl\/?page_id=1078\">Dowiedz si\u0119 wi\u0119cej<\/a><\/div>\n<\/div>\n\n\n\n<div class=\"wp-block-file alignright\"><object class=\"wp-block-file__embed\" data=\"http:\/\/ubezpieczeniacieslar.pl\/wp-content\/uploads\/2023\/07\/Oferta_student_28054.pdf\" type=\"application\/pdf\" style=\"width:100%;height:600px\" aria-label=\"Osadzone z Oferta student.\"><\/object><a id=\"wp-block-file--media-8f112bd0-3c9e-4502-b91b-9c23bd71ef19\" href=\"http:\/\/ubezpieczeniacieslar.pl\/wp-content\/uploads\/2023\/07\/Oferta_student_28054.pdf\">Oferta student<\/a><a href=\"http:\/\/ubezpieczeniacieslar.pl\/wp-content\/uploads\/2023\/07\/Oferta_student_28054.pdf\" class=\"wp-block-file__button wp-element-button\" download aria-describedby=\"wp-block-file--media-8f112bd0-3c9e-4502-b91b-9c23bd71ef19\">Pobierz<\/a><\/div>\n<\/div><figure class=\"wp-block-media-text__media\"><img decoding=\"async\" loading=\"lazy\" width=\"1024\" height=\"1024\" src=\"http:\/\/ubezpieczeniacieslar.pl\/wp-content\/uploads\/2021\/06\/fb_student_02-1024x1024.jpg\" alt=\"\" class=\"wp-image-1074 size-full\" srcset=\"http:\/\/ubezpieczeniacieslar.pl\/wp-content\/uploads\/2021\/06\/fb_student_02-1024x1024.jpg 1024w, http:\/\/ubezpieczeniacieslar.pl\/wp-content\/uploads\/2021\/06\/fb_student_02-300x300.jpg 300w, http:\/\/ubezpieczeniacieslar.pl\/wp-content\/uploads\/2021\/06\/fb_student_02-150x150.jpg 150w, http:\/\/ubezpieczeniacieslar.pl\/wp-content\/uploads\/2021\/06\/fb_student_02-768x768.jpg 768w, http:\/\/ubezpieczeniacieslar.pl\/wp-content\/uploads\/2021\/06\/fb_student_02.jpg 1080w\" sizes=\"(max-width: 1024px) 100vw, 1024px\" \/><\/figure><\/div>\n\n\n\n<div class=\"wp-block-buttons is-horizontal is-content-justification-right is-layout-flex wp-container-6\"><\/div>\n\n\n\n<p><\/p>\n","protected":false},"excerpt":{"rendered":"<p>RABAT -10% z kodem: 28054 Bezpieczne wsz\u0119dzie o ka\u017cdej porze NNW dziecka od 4 miesi\u0105ca do 7 roku \u017cycia<\/p>\n","protected":false},"author":1,"featured_media":0,"parent":0,"menu_order":0,"comment_status":"closed","ping_status":"closed","template":"","meta":{"site-sidebar-layout":"no-sidebar","site-content-layout":"page-builder","ast-global-header-display":"","ast-banner-title-visibility":"","ast-main-header-display":"","ast-hfb-above-header-display":"","ast-hfb-below-header-display":"","ast-hfb-mobile-header-display":"","site-post-title":"disabled","ast-breadcrumbs-content":"","ast-featured-img":"disabled","footer-sml-layout":"","theme-transparent-header-meta":"default","adv-header-id-meta":"","stick-header-meta":"","header-above-stick-meta":"","header-main-stick-meta":"","header-below-stick-meta":""},"_links":{"self":[{"href":"http:\/\/ubezpieczeniacieslar.pl\/index.php?rest_route=\/wp\/v2\/pages\/1023"}],"collection":[{"href":"http:\/\/ubezpieczeniacieslar.pl\/index.php?rest_route=\/wp\/v2\/pages"}],"about":[{"href":"http:\/\/ubezpieczeniacieslar.pl\/index.php?rest_route=\/wp\/v2\/types\/page"}],"author":[{"embeddable":true,"href":"http:\/\/ubezpieczeniacieslar.pl\/index.php?rest_route=\/wp\/v2\/users\/1"}],"replies":[{"embeddable":true,"href":"http:\/\/ubezpieczeniacieslar.pl\/index.php?rest_route=%2Fwp%2Fv2%2Fcomments&post=1023"}],"version-history":[{"count":24,"href":"http:\/\/ubezpieczeniacieslar.pl\/index.php?rest_route=\/wp\/v2\/pages\/1023\/revisions"}],"predecessor-version":[{"id":1137,"href":"http:\/\/ubezpieczeniacieslar.pl\/index.php?rest_route=\/wp\/v2\/pages\/1023\/revisions\/1137"}],"wp:attachment":[{"href":"http:\/\/ubezpieczeniacieslar.pl\/index.php?rest_route=%2Fwp%2Fv2%2Fmedia&parent=1023"}],"curies":[{"name":"wp","href":"https:\/\/api.w.org\/{rel}","templated":true}]}}