{"id":1021,"date":"2021-06-02T10:51:53","date_gmt":"2021-06-02T08:51:53","guid":{"rendered":"http:\/\/ubezpieczeniacieslar.pl\/?page_id=1021"},"modified":"2021-06-07T15:17:57","modified_gmt":"2021-06-07T13:17:57","slug":"ubezpieczenie-pas","status":"publish","type":"page","link":"http:\/\/ubezpieczeniacieslar.pl\/?page_id=1021","title":{"rendered":""},"content":{"rendered":"\n<div class=\"wp-block-media-text alignwide has-media-on-the-right is-stacked-on-mobile\"><figure class=\"wp-block-media-text__media\"><img decoding=\"async\" loading=\"lazy\" width=\"1024\" height=\"1024\" src=\"http:\/\/ubezpieczeniacieslar.pl\/wp-content\/uploads\/2021\/06\/fb_pies_14-1024x1024.jpg\" alt=\"Pies\" class=\"wp-image-1098 size-full\" srcset=\"http:\/\/ubezpieczeniacieslar.pl\/wp-content\/uploads\/2021\/06\/fb_pies_14-1024x1024.jpg 1024w, http:\/\/ubezpieczeniacieslar.pl\/wp-content\/uploads\/2021\/06\/fb_pies_14-300x300.jpg 300w, http:\/\/ubezpieczeniacieslar.pl\/wp-content\/uploads\/2021\/06\/fb_pies_14-150x150.jpg 150w, http:\/\/ubezpieczeniacieslar.pl\/wp-content\/uploads\/2021\/06\/fb_pies_14-768x768.jpg 768w, http:\/\/ubezpieczeniacieslar.pl\/wp-content\/uploads\/2021\/06\/fb_pies_14.jpg 1080w\" sizes=\"(max-width: 1024px) 100vw, 1024px\" \/><\/figure><div class=\"wp-block-media-text__content\">\n<h1 class=\"has-text-align-right wp-block-heading\">Pakiet medyczny dla pupila <\/h1>\n<\/div><\/div>\n\n\n\n<ul><li>Zakres ubezpieczenia obejmuje wszystkie psy, jedynym ograniczeniem jest wiek przyst\u0105pienia do ochrony <\/li><li>Ubezpieczenie koszt\u00f3w leczenia psa  <\/li><li>Odpowiedzialno\u015b\u0107 cywilna w\u0142a\u015bciciela psa<\/li><li>Ubezpieczenie \u015bmierci psa<\/li><li>Zwrot koszt\u00f3w kremacji<\/li><\/ul>\n\n\n\n<p><\/p>\n","protected":false},"excerpt":{"rendered":"<p>Pakiet medyczny dla pupila Zakres ubezpieczenia obejmuje wszystkie psy, jedynym ograniczeniem jest wiek przyst\u0105pienia do ochrony Ubezpieczenie koszt\u00f3w leczenia psa Odpowiedzialno\u015b\u0107 cywilna w\u0142a\u015bciciela psa Ubezpieczenie \u015bmierci psa Zwrot koszt\u00f3w kremacji<\/p>\n","protected":false},"author":1,"featured_media":0,"parent":0,"menu_order":0,"comment_status":"closed","ping_status":"closed","template":"","meta":{"site-sidebar-layout":"default","site-content-layout":"default","ast-global-header-display":"","ast-banner-title-visibility":"","ast-main-header-display":"","ast-hfb-above-header-display":"","ast-hfb-below-header-display":"","ast-hfb-mobile-header-display":"","site-post-title":"","ast-breadcrumbs-content":"","ast-featured-img":"","footer-sml-layout":"","theme-transparent-header-meta":"default","adv-header-id-meta":"","stick-header-meta":"","header-above-stick-meta":"","header-main-stick-meta":"","header-below-stick-meta":""},"_links":{"self":[{"href":"http:\/\/ubezpieczeniacieslar.pl\/index.php?rest_route=\/wp\/v2\/pages\/1021"}],"collection":[{"href":"http:\/\/ubezpieczeniacieslar.pl\/index.php?rest_route=\/wp\/v2\/pages"}],"about":[{"href":"http:\/\/ubezpieczeniacieslar.pl\/index.php?rest_route=\/wp\/v2\/types\/page"}],"author":[{"embeddable":true,"href":"http:\/\/ubezpieczeniacieslar.pl\/index.php?rest_route=\/wp\/v2\/users\/1"}],"replies":[{"embeddable":true,"href":"http:\/\/ubezpieczeniacieslar.pl\/index.php?rest_route=%2Fwp%2Fv2%2Fcomments&post=1021"}],"version-history":[{"count":4,"href":"http:\/\/ubezpieczeniacieslar.pl\/index.php?rest_route=\/wp\/v2\/pages\/1021\/revisions"}],"predecessor-version":[{"id":1104,"href":"http:\/\/ubezpieczeniacieslar.pl\/index.php?rest_route=\/wp\/v2\/pages\/1021\/revisions\/1104"}],"wp:attachment":[{"href":"http:\/\/ubezpieczeniacieslar.pl\/index.php?rest_route=%2Fwp%2Fv2%2Fmedia&parent=1021"}],"curies":[{"name":"wp","href":"https:\/\/api.w.org\/{rel}","templated":true}]}}