{"id":1019,"date":"2021-06-02T10:51:25","date_gmt":"2021-06-02T08:51:25","guid":{"rendered":"http:\/\/ubezpieczeniacieslar.pl\/?page_id=1019"},"modified":"2023-05-31T20:20:57","modified_gmt":"2023-05-31T18:20:57","slug":"ubezpieczenie-turystyczne","status":"publish","type":"page","link":"http:\/\/ubezpieczeniacieslar.pl\/?page_id=1019","title":{"rendered":"Ubezpieczenie turystyczne"},"content":{"rendered":"\n<p>Podr\u00f3\u017cowanie to niew\u0105tpliwie jedno z najbardziej ekscytuj\u0105cych do\u015bwiadcze\u0144, ale niestety r\u00f3wnie\u017c mo\u017ce by\u0107 obarczone pewnymi ryzykami. Dlatego warto zastanowi\u0107 si\u0119 nad tym, jak mo\u017cemy zabezpieczy\u0107 si\u0119 przed nieprzewidzianymi sytuacjami podczas naszych podr\u00f3\u017cy.<\/p>\n\n\n\n<p>Polisa ubezpieczenia podr\u00f3\u017cy to umowa, w kt\u00f3rej ubezpieczyciel zobowi\u0105zuje si\u0119 do ochrony nas przed r\u00f3\u017cnymi ryzykami zwi\u0105zanymi z podr\u00f3\u017cami. Wykupienie takiej polisy niesie ze sob\u0105 wiele korzy\u015bci i zapewnia nam spok\u00f3j ducha podczas podr\u00f3\u017cy.<\/p>\n\n\n\n<p>Przede wszystkim, polisa ubezpieczenia podr\u00f3\u017cy zapewnia ochron\u0119 medyczn\u0105. W razie nag\u0142ej choroby lub wypadku za granic\u0105, ubezpieczyciel pokrywa koszty leczenia, hospitalizacji, a tak\u017ce ewakuacji medycznej, je\u015bli jest to konieczne. To daje nam pewno\u015b\u0107, \u017ce w razie potrzeby otrzymamy profesjonaln\u0105 opiek\u0119 medyczn\u0105 bez obci\u0105\u017cenia naszego portfela.<\/p>\n\n\n\n<p>Kolejn\u0105 korzy\u015bci\u0105 jest ochrona baga\u017cu. W przypadku zgubienia, uszkodzenia lub kradzie\u017cy naszego baga\u017cu, ubezpieczyciel wyp\u0142aca nam odszkodowanie, dzi\u0119ki czemu mo\u017cemy zrekompensowa\u0107 utrat\u0119 warto\u015bciowych przedmiot\u00f3w. To zdecydowanie u\u0142atwia sytuacj\u0119 i pozwala kontynuowa\u0107 podr\u00f3\u017c bez dodatkowych k\u0142opot\u00f3w.<\/p>\n\n\n\n<p>Wa\u017cnym aspektem polisy podr\u00f3\u017cnej jest r\u00f3wnie\u017c ochrona od koszt\u00f3w anulowania lub op\u00f3\u017anienia podr\u00f3\u017cy. Je\u015bli z r\u00f3\u017cnych powod\u00f3w nie mo\u017cemy uda\u0107 si\u0119 w podr\u00f3\u017c lub zostajemy op\u00f3\u017anieni, ubezpieczyciel pokrywa poniesione koszty lub wyp\u0142aca nam odszkodowanie. To daje nam elastyczno\u015b\u0107 i umo\u017cliwia odzyskanie \u015brodk\u00f3w w przypadku nieprzewidzianych sytuacji.<\/p>\n\n\n\n<p>Dodatkowo, polisa ubezpieczenia podr\u00f3\u017cy mo\u017ce obejmowa\u0107 odpowiedzialno\u015b\u0107 cywiln\u0105. Oznacza to, \u017ce w razie wypadku, w kt\u00f3rym jeste\u015bmy odpowiedzialni za szkody wyrz\u0105dzone innym osobom lub ich mieniu, ubezpieczyciel pokrywa koszty zwi\u0105zane z odszkodowaniami. To zabezpiecza nas przed nieprzewidywanymi wydatkami i konsekwencjami prawno-finansowymi.<\/p>\n","protected":false},"excerpt":{"rendered":"<p>Podr\u00f3\u017cowanie to niew\u0105tpliwie jedno z najbardziej ekscytuj\u0105cych do\u015bwiadcze\u0144, ale niestety r\u00f3wnie\u017c mo\u017ce by\u0107 obarczone pewnymi ryzykami. Dlatego warto zastanowi\u0107 si\u0119 nad tym, jak mo\u017cemy zabezpieczy\u0107 si\u0119 przed nieprzewidzianymi sytuacjami podczas naszych podr\u00f3\u017cy. Polisa ubezpieczenia podr\u00f3\u017cy to umowa, w kt\u00f3rej ubezpieczyciel zobowi\u0105zuje si\u0119 do ochrony nas przed r\u00f3\u017cnymi ryzykami zwi\u0105zanymi z podr\u00f3\u017cami. Wykupienie takiej polisy niesie &hellip;<\/p>\n<p class=\"read-more\"> <a class=\"\" href=\"http:\/\/ubezpieczeniacieslar.pl\/?page_id=1019\"> <span class=\"screen-reader-text\">Ubezpieczenie turystyczne<\/span> Read More &raquo;<\/a><\/p>\n","protected":false},"author":1,"featured_media":0,"parent":0,"menu_order":0,"comment_status":"closed","ping_status":"closed","template":"","meta":{"site-sidebar-layout":"default","site-content-layout":"default","ast-global-header-display":"","ast-banner-title-visibility":"","ast-main-header-display":"","ast-hfb-above-header-display":"","ast-hfb-below-header-display":"","ast-hfb-mobile-header-display":"","site-post-title":"","ast-breadcrumbs-content":"","ast-featured-img":"","footer-sml-layout":"","theme-transparent-header-meta":"default","adv-header-id-meta":"","stick-header-meta":"","header-above-stick-meta":"","header-main-stick-meta":"","header-below-stick-meta":""},"_links":{"self":[{"href":"http:\/\/ubezpieczeniacieslar.pl\/index.php?rest_route=\/wp\/v2\/pages\/1019"}],"collection":[{"href":"http:\/\/ubezpieczeniacieslar.pl\/index.php?rest_route=\/wp\/v2\/pages"}],"about":[{"href":"http:\/\/ubezpieczeniacieslar.pl\/index.php?rest_route=\/wp\/v2\/types\/page"}],"author":[{"embeddable":true,"href":"http:\/\/ubezpieczeniacieslar.pl\/index.php?rest_route=\/wp\/v2\/users\/1"}],"replies":[{"embeddable":true,"href":"http:\/\/ubezpieczeniacieslar.pl\/index.php?rest_route=%2Fwp%2Fv2%2Fcomments&post=1019"}],"version-history":[{"count":2,"href":"http:\/\/ubezpieczeniacieslar.pl\/index.php?rest_route=\/wp\/v2\/pages\/1019\/revisions"}],"predecessor-version":[{"id":1125,"href":"http:\/\/ubezpieczeniacieslar.pl\/index.php?rest_route=\/wp\/v2\/pages\/1019\/revisions\/1125"}],"wp:attachment":[{"href":"http:\/\/ubezpieczeniacieslar.pl\/index.php?rest_route=%2Fwp%2Fv2%2Fmedia&parent=1019"}],"curies":[{"name":"wp","href":"https:\/\/api.w.org\/{rel}","templated":true}]}}